{"id":250,"date":"2018-10-04T14:37:13","date_gmt":"2018-10-04T14:37:13","guid":{"rendered":"https:\/\/www.helios-tinting.com\/\/?page_id=250"},"modified":"2024-03-14T15:15:19","modified_gmt":"2024-03-14T15:15:19","slug":"o-nas","status":"publish","type":"page","link":"https:\/\/www.helios-tinting.com\/sl\/o-nas\/","title":{"rendered":"O NAS"},"content":{"rendered":"<p>Helios TINTING je samostojen oddelek, ki skrbi za kolorante in tinting tehnologijo za Helios premaze. Koloristi\u010dno in servisno izobra\u017een kolektiv nudi podporo premaznikom znotraj skupine Helios in njihovim strankam po razli\u010dnih trgih. Neposreden stik s sodelavci znotraj Heliosa in s strankami na terenu nam daje neposredne povratne informacije, s katerimi se hitro prilagajamo dinami\u010dnemu trgu.<\/p>\n<p>Na\u0161i koloristi\u010dni izdelki so koloranti, ki so plod lastnega razvoja in know how-a. Razli\u010dni tipi vodnih in topilnih past pokrivajo tako premaze za dekorativno kot za industrijsko prodajo. Vsak sistem kolorantov je opremljen z zbirko receptur razli\u010dnih barvnih kart in ostalih nians po vzorcu, ki so izdelane na podlagi \u017eelja na\u0161ih strank.<\/p>\n<p>Koloristi\u010dni laboratorij je opremljen z razli\u010dnimi in\u0161trumenti oz. spektrofotometri in svetlobnimi komorami in pripadajo\u010do programsko opremo oz. po zadnjih standardih barvne metrike. To nam omogo\u010da, da vedno znova zagotavljamo kvaliteto na\u0161ih premazov.<\/p>\n<p>Prav tako smo strokovnjaki na podro\u010dju me\u0161alne opreme, ki zajema dozirnike, stresalnike in giroskopske mikserje. Za naro\u010danje in svetovanje glede me\u0161alne opreme so zadol\u017eeni na\u0161i serviserji, ki so iz\u0161olani s strani priznanih proizvajalcev te opreme. Z namenom posodobitve na\u0161e ponudbe smo v sodelovanju s programerji razvili lasten tinting program.<\/p>\n<p>S strokovno izobra\u017eenim kadrom sledimo trendom in pokrivamo vsa podro\u010dja, ki so potrebna za celosten TINTING pristop. Vsa naro\u010dila nians in ostala vpra\u0161anja v povezavi s TINTING oddelkom lahko po\u0161ljete <a href=\"https:\/\/www.helios-tinting.com\/\/kontakt\/\">na na\u0161 naslov<\/a>.<\/p>\n","protected":false},"excerpt":{"rendered":"<p>Helios TINTING je samostojen oddelek, ki skrbi za kolorante in tinting tehnologijo za Helios premaze. Koloristi\u010dno in servisno izobra\u017een kolektiv nudi podporo premaznikom znotraj skupine Helios in njihovim strankam po razli\u010dnih trgih. Neposreden stik s sodelavci znotraj Heliosa in s strankami na terenu nam daje neposredne povratne informacije, s katerimi se hitro prilagajamo dinami\u010dnemu trgu. [&hellip;]<\/p>\n","protected":false},"author":312,"featured_media":1007,"parent":0,"menu_order":0,"comment_status":"closed","ping_status":"closed","template":"","meta":{"footnotes":""},"class_list":["post-250","page","type-page","status-publish","has-post-thumbnail","hentry"],"yoast_head":"<!-- This site is optimized with the Yoast SEO plugin v27.2 - https:\/\/yoast.com\/product\/yoast-seo-wordpress\/ -->\n<title>O NAS - Helios Tinting<\/title>\n<meta name=\"robots\" content=\"index, follow, max-snippet:-1, max-image-preview:large, max-video-preview:-1\" \/>\n<link rel=\"canonical\" href=\"https:\/\/www.helios-tinting.com\/sl\/o-nas\/\" \/>\n<meta property=\"og:locale\" content=\"sl_SI\" \/>\n<meta property=\"og:type\" content=\"article\" \/>\n<meta property=\"og:title\" content=\"O NAS - Helios Tinting\" \/>\n<meta property=\"og:description\" content=\"Helios TINTING je samostojen oddelek, ki skrbi za kolorante in tinting tehnologijo za Helios premaze. Koloristi\u010dno in servisno izobra\u017een kolektiv nudi podporo premaznikom znotraj skupine Helios in njihovim strankam po razli\u010dnih trgih. Neposreden stik s sodelavci znotraj Heliosa in s strankami na terenu nam daje neposredne povratne informacije, s katerimi se hitro prilagajamo dinami\u010dnemu trgu. [&hellip;]\" \/>\n<meta property=\"og:url\" content=\"https:\/\/www.helios-tinting.com\/sl\/o-nas\/\" \/>\n<meta property=\"og:site_name\" content=\"Helios Tinting\" \/>\n<meta property=\"article:modified_time\" content=\"2024-03-14T15:15:19+00:00\" \/>\n<meta property=\"og:image\" content=\"https:\/\/www.helios-tinting.com\/wp-content\/uploads\/2019\/01\/helios_zracni-posnetek.jpg\" \/>\n\t<meta property=\"og:image:width\" content=\"750\" \/>\n\t<meta property=\"og:image:height\" content=\"500\" \/>\n\t<meta property=\"og:image:type\" content=\"image\/jpeg\" \/>\n<meta name=\"twitter:card\" content=\"summary_large_image\" \/>\n<meta name=\"twitter:label1\" content=\"Est. reading time\" \/>\n\t<meta name=\"twitter:data1\" content=\"2 minuti\" \/>\n<script type=\"application\/ld+json\" class=\"yoast-schema-graph\">{\"@context\":\"https:\/\/schema.org\",\"@graph\":[{\"@type\":\"WebPage\",\"@id\":\"https:\/\/www.helios-tinting.com\/sl\/o-nas\/\",\"url\":\"https:\/\/www.helios-tinting.com\/sl\/o-nas\/\",\"name\":\"O NAS - Helios Tinting\",\"isPartOf\":{\"@id\":\"https:\/\/www.helios-tinting.com\/sl\/#website\"},\"primaryImageOfPage\":{\"@id\":\"https:\/\/www.helios-tinting.com\/sl\/o-nas\/#primaryimage\"},\"image\":{\"@id\":\"https:\/\/www.helios-tinting.com\/sl\/o-nas\/#primaryimage\"},\"thumbnailUrl\":\"https:\/\/www.helios-tinting.com\/wp-content\/uploads\/2019\/01\/helios_zracni-posnetek.jpg\",\"datePublished\":\"2018-10-04T14:37:13+00:00\",\"dateModified\":\"2024-03-14T15:15:19+00:00\",\"breadcrumb\":{\"@id\":\"https:\/\/www.helios-tinting.com\/sl\/o-nas\/#breadcrumb\"},\"inLanguage\":\"sl-SI\",\"potentialAction\":[{\"@type\":\"ReadAction\",\"target\":[\"https:\/\/www.helios-tinting.com\/sl\/o-nas\/\"]}]},{\"@type\":\"ImageObject\",\"inLanguage\":\"sl-SI\",\"@id\":\"https:\/\/www.helios-tinting.com\/sl\/o-nas\/#primaryimage\",\"url\":\"https:\/\/www.helios-tinting.com\/wp-content\/uploads\/2019\/01\/helios_zracni-posnetek.jpg\",\"contentUrl\":\"https:\/\/www.helios-tinting.com\/wp-content\/uploads\/2019\/01\/helios_zracni-posnetek.jpg\",\"width\":750,\"height\":500},{\"@type\":\"BreadcrumbList\",\"@id\":\"https:\/\/www.helios-tinting.com\/sl\/o-nas\/#breadcrumb\",\"itemListElement\":[{\"@type\":\"ListItem\",\"position\":1,\"name\":\"Home\",\"item\":\"https:\/\/www.helios-tinting.com\/sl\/\"},{\"@type\":\"ListItem\",\"position\":2,\"name\":\"O NAS\"}]},{\"@type\":\"WebSite\",\"@id\":\"https:\/\/www.helios-tinting.com\/sl\/#website\",\"url\":\"https:\/\/www.helios-tinting.com\/sl\/\",\"name\":\"Helios Tinting\",\"description\":\"World of perfect colors\",\"publisher\":{\"@id\":\"https:\/\/www.helios-tinting.com\/sl\/#organization\"},\"potentialAction\":[{\"@type\":\"SearchAction\",\"target\":{\"@type\":\"EntryPoint\",\"urlTemplate\":\"https:\/\/www.helios-tinting.com\/sl\/?s={search_term_string}\"},\"query-input\":{\"@type\":\"PropertyValueSpecification\",\"valueRequired\":true,\"valueName\":\"search_term_string\"}}],\"inLanguage\":\"sl-SI\"},{\"@type\":\"Organization\",\"@id\":\"https:\/\/www.helios-tinting.com\/sl\/#organization\",\"name\":\"Helios Tinting\",\"url\":\"https:\/\/www.helios-tinting.com\/sl\/\",\"logo\":{\"@type\":\"ImageObject\",\"inLanguage\":\"sl-SI\",\"@id\":\"https:\/\/www.helios-tinting.com\/sl\/#\/schema\/logo\/image\/\",\"url\":\"https:\/\/www.helios-tinting.com\/wp-content\/uploads\/2019\/01\/Helios-TINTING-logo-png24.png\",\"contentUrl\":\"https:\/\/www.helios-tinting.com\/wp-content\/uploads\/2019\/01\/Helios-TINTING-logo-png24.png\",\"width\":1024,\"height\":164,\"caption\":\"Helios Tinting\"},\"image\":{\"@id\":\"https:\/\/www.helios-tinting.com\/sl\/#\/schema\/logo\/image\/\"}}]}<\/script>\n<!-- \/ Yoast SEO plugin. -->","yoast_head_json":{"title":"O NAS - Helios Tinting","robots":{"index":"index","follow":"follow","max-snippet":"max-snippet:-1","max-image-preview":"max-image-preview:large","max-video-preview":"max-video-preview:-1"},"canonical":"https:\/\/www.helios-tinting.com\/sl\/o-nas\/","og_locale":"sl_SI","og_type":"article","og_title":"O NAS - Helios Tinting","og_description":"Helios TINTING je samostojen oddelek, ki skrbi za kolorante in tinting tehnologijo za Helios premaze. Koloristi\u010dno in servisno izobra\u017een kolektiv nudi podporo premaznikom znotraj skupine Helios in njihovim strankam po razli\u010dnih trgih. Neposreden stik s sodelavci znotraj Heliosa in s strankami na terenu nam daje neposredne povratne informacije, s katerimi se hitro prilagajamo dinami\u010dnemu trgu. [&hellip;]","og_url":"https:\/\/www.helios-tinting.com\/sl\/o-nas\/","og_site_name":"Helios Tinting","article_modified_time":"2024-03-14T15:15:19+00:00","og_image":[{"width":750,"height":500,"url":"https:\/\/www.helios-tinting.com\/wp-content\/uploads\/2019\/01\/helios_zracni-posnetek.jpg","type":"image\/jpeg"}],"twitter_card":"summary_large_image","twitter_misc":{"Est. reading time":"2 minuti"},"schema":{"@context":"https:\/\/schema.org","@graph":[{"@type":"WebPage","@id":"https:\/\/www.helios-tinting.com\/sl\/o-nas\/","url":"https:\/\/www.helios-tinting.com\/sl\/o-nas\/","name":"O NAS - Helios Tinting","isPartOf":{"@id":"https:\/\/www.helios-tinting.com\/sl\/#website"},"primaryImageOfPage":{"@id":"https:\/\/www.helios-tinting.com\/sl\/o-nas\/#primaryimage"},"image":{"@id":"https:\/\/www.helios-tinting.com\/sl\/o-nas\/#primaryimage"},"thumbnailUrl":"https:\/\/www.helios-tinting.com\/wp-content\/uploads\/2019\/01\/helios_zracni-posnetek.jpg","datePublished":"2018-10-04T14:37:13+00:00","dateModified":"2024-03-14T15:15:19+00:00","breadcrumb":{"@id":"https:\/\/www.helios-tinting.com\/sl\/o-nas\/#breadcrumb"},"inLanguage":"sl-SI","potentialAction":[{"@type":"ReadAction","target":["https:\/\/www.helios-tinting.com\/sl\/o-nas\/"]}]},{"@type":"ImageObject","inLanguage":"sl-SI","@id":"https:\/\/www.helios-tinting.com\/sl\/o-nas\/#primaryimage","url":"https:\/\/www.helios-tinting.com\/wp-content\/uploads\/2019\/01\/helios_zracni-posnetek.jpg","contentUrl":"https:\/\/www.helios-tinting.com\/wp-content\/uploads\/2019\/01\/helios_zracni-posnetek.jpg","width":750,"height":500},{"@type":"BreadcrumbList","@id":"https:\/\/www.helios-tinting.com\/sl\/o-nas\/#breadcrumb","itemListElement":[{"@type":"ListItem","position":1,"name":"Home","item":"https:\/\/www.helios-tinting.com\/sl\/"},{"@type":"ListItem","position":2,"name":"O NAS"}]},{"@type":"WebSite","@id":"https:\/\/www.helios-tinting.com\/sl\/#website","url":"https:\/\/www.helios-tinting.com\/sl\/","name":"Helios Tinting","description":"World of perfect colors","publisher":{"@id":"https:\/\/www.helios-tinting.com\/sl\/#organization"},"potentialAction":[{"@type":"SearchAction","target":{"@type":"EntryPoint","urlTemplate":"https:\/\/www.helios-tinting.com\/sl\/?s={search_term_string}"},"query-input":{"@type":"PropertyValueSpecification","valueRequired":true,"valueName":"search_term_string"}}],"inLanguage":"sl-SI"},{"@type":"Organization","@id":"https:\/\/www.helios-tinting.com\/sl\/#organization","name":"Helios Tinting","url":"https:\/\/www.helios-tinting.com\/sl\/","logo":{"@type":"ImageObject","inLanguage":"sl-SI","@id":"https:\/\/www.helios-tinting.com\/sl\/#\/schema\/logo\/image\/","url":"https:\/\/www.helios-tinting.com\/wp-content\/uploads\/2019\/01\/Helios-TINTING-logo-png24.png","contentUrl":"https:\/\/www.helios-tinting.com\/wp-content\/uploads\/2019\/01\/Helios-TINTING-logo-png24.png","width":1024,"height":164,"caption":"Helios Tinting"},"image":{"@id":"https:\/\/www.helios-tinting.com\/sl\/#\/schema\/logo\/image\/"}}]}},"_links":{"self":[{"href":"https:\/\/www.helios-tinting.com\/sl\/wp-json\/wp\/v2\/pages\/250","targetHints":{"allow":["GET"]}}],"collection":[{"href":"https:\/\/www.helios-tinting.com\/sl\/wp-json\/wp\/v2\/pages"}],"about":[{"href":"https:\/\/www.helios-tinting.com\/sl\/wp-json\/wp\/v2\/types\/page"}],"author":[{"embeddable":true,"href":"https:\/\/www.helios-tinting.com\/sl\/wp-json\/wp\/v2\/users\/312"}],"replies":[{"embeddable":true,"href":"https:\/\/www.helios-tinting.com\/sl\/wp-json\/wp\/v2\/comments?post=250"}],"version-history":[{"count":4,"href":"https:\/\/www.helios-tinting.com\/sl\/wp-json\/wp\/v2\/pages\/250\/revisions"}],"predecessor-version":[{"id":1031,"href":"https:\/\/www.helios-tinting.com\/sl\/wp-json\/wp\/v2\/pages\/250\/revisions\/1031"}],"wp:featuredmedia":[{"embeddable":true,"href":"https:\/\/www.helios-tinting.com\/sl\/wp-json\/wp\/v2\/media\/1007"}],"wp:attachment":[{"href":"https:\/\/www.helios-tinting.com\/sl\/wp-json\/wp\/v2\/media?parent=250"}],"curies":[{"name":"wp","href":"https:\/\/api.w.org\/{rel}","templated":true}]}}